{"id":11,"date":"2023-04-09T01:33:45","date_gmt":"2023-04-09T01:33:45","guid":{"rendered":"https:\/\/asspb17.padou.dev\/?page_id=11"},"modified":"2025-09-07T21:26:58","modified_gmt":"2025-09-07T19:26:58","slug":"les-statuts","status":"publish","type":"page","link":"https:\/\/asspb17.com\/index.php\/les-statuts\/","title":{"rendered":"Les statuts"},"content":{"rendered":"\n<p>Les statuts ne sont accessibles que pour les adh\u00e9rents, sur demande, aupr\u00e8s de notre secr\u00e9taire.   <\/p>\n\n\n\n<p><\/p>\n","protected":false},"excerpt":{"rendered":"<p>Les statuts ne sont accessibles que pour les adh\u00e9rents, sur demande, aupr\u00e8s de notre secr\u00e9taire.<\/p>\n","protected":false},"author":1,"featured_media":0,"parent":0,"menu_order":0,"comment_status":"closed","ping_status":"closed","template":"","meta":{"footnotes":""},"class_list":["post-11","page","type-page","status-publish","hentry"],"_links":{"self":[{"href":"https:\/\/asspb17.com\/index.php\/wp-json\/wp\/v2\/pages\/11","targetHints":{"allow":["GET"]}}],"collection":[{"href":"https:\/\/asspb17.com\/index.php\/wp-json\/wp\/v2\/pages"}],"about":[{"href":"https:\/\/asspb17.com\/index.php\/wp-json\/wp\/v2\/types\/page"}],"author":[{"embeddable":true,"href":"https:\/\/asspb17.com\/index.php\/wp-json\/wp\/v2\/users\/1"}],"replies":[{"embeddable":true,"href":"https:\/\/asspb17.com\/index.php\/wp-json\/wp\/v2\/comments?post=11"}],"version-history":[{"count":7,"href":"https:\/\/asspb17.com\/index.php\/wp-json\/wp\/v2\/pages\/11\/revisions"}],"predecessor-version":[{"id":1105,"href":"https:\/\/asspb17.com\/index.php\/wp-json\/wp\/v2\/pages\/11\/revisions\/1105"}],"wp:attachment":[{"href":"https:\/\/asspb17.com\/index.php\/wp-json\/wp\/v2\/media?parent=11"}],"curies":[{"name":"wp","href":"https:\/\/api.w.org\/{rel}","templated":true}]}}