{"id":659,"date":"2023-04-21T18:36:48","date_gmt":"2023-04-21T18:36:48","guid":{"rendered":"https:\/\/asspb17.padou.dev\/?page_id=659"},"modified":"2026-01-15T22:57:53","modified_gmt":"2026-01-15T21:57:53","slug":"adherer","status":"publish","type":"page","link":"https:\/\/asspb17.com\/index.php\/adherer\/","title":{"rendered":"Adh\u00e9rer"},"content":{"rendered":"\n<p>Si vous souhaitez rejoindre l\u2019association veuillez imprimer et compl\u00e9ter le questionnaire \u00e0 t\u00e9l\u00e9charger ci-dessous et l\u2019envoyer avec un ch\u00e8que d\u2019adh\u00e9sion de 30,00 \u20ac \u00e0 l\u2019ordre de ASSPB17, \u00e0 :<br><em>Brigitte BERTRAND<br>18 route de la grande mondie ( les Parges)<br>17270 NEUVICQ<\/em><\/p>\n\n\n\n<div data-wp-interactive=\"core\/file\" class=\"wp-block-file\"><object data-wp-bind--hidden=\"!state.hasPdfPreview\" hidden class=\"wp-block-file__embed\" data=\"https:\/\/asspb17.com\/wp-content\/uploads\/2026\/01\/ADHESION-2026.pdf\" type=\"application\/pdf\" style=\"width:100%;height:600px\" aria-label=\"Embed of ADHESION 2026 pdf.\"><\/object><a id=\"wp-block-file--media-b47cd5a7-ed22-4dee-bf0f-a0984df4c41b\" href=\"https:\/\/asspb17.com\/wp-content\/uploads\/2026\/01\/ADHESION-2026.pdf\">ADHESION 2026 pdf<\/a><a href=\"https:\/\/asspb17.com\/wp-content\/uploads\/2026\/01\/ADHESION-2026.pdf\" class=\"wp-block-file__button wp-element-button\" download aria-describedby=\"wp-block-file--media-b47cd5a7-ed22-4dee-bf0f-a0984df4c41b\">T\u00e9l\u00e9charger<\/a><\/div>\n\n\n\n<div class=\"wp-block-file\"><a id=\"wp-block-file--media-5e35661e-bcd8-4f4e-a731-a9282538e01d\" href=\"https:\/\/asspb17.com\/wp-content\/uploads\/2026\/01\/ADHESION-2026.docx\">ADHESION 2026 word <\/a><a href=\"https:\/\/asspb17.com\/wp-content\/uploads\/2026\/01\/ADHESION-2026.docx\" class=\"wp-block-file__button wp-element-button\" download aria-describedby=\"wp-block-file--media-5e35661e-bcd8-4f4e-a731-a9282538e01d\">T\u00e9l\u00e9charger<\/a><\/div>\n\n\n\n<p><\/p>\n","protected":false},"excerpt":{"rendered":"<p>Si vous souhaitez rejoindre l\u2019association veuillez imprimer et compl\u00e9ter le questionnaire \u00e0 t\u00e9l\u00e9charger ci-dessous et l\u2019envoyer avec un ch\u00e8que d\u2019adh\u00e9sion de 30,00 \u20ac \u00e0 l\u2019ordre de ASSPB17, \u00e0 :Brigitte BERTRAND18 route de la grande mondie ( les Parges)17270 NEUVICQ<\/p>\n","protected":false},"author":1,"featured_media":0,"parent":0,"menu_order":0,"comment_status":"closed","ping_status":"closed","template":"","meta":{"footnotes":""},"class_list":["post-659","page","type-page","status-publish","hentry"],"_links":{"self":[{"href":"https:\/\/asspb17.com\/index.php\/wp-json\/wp\/v2\/pages\/659","targetHints":{"allow":["GET"]}}],"collection":[{"href":"https:\/\/asspb17.com\/index.php\/wp-json\/wp\/v2\/pages"}],"about":[{"href":"https:\/\/asspb17.com\/index.php\/wp-json\/wp\/v2\/types\/page"}],"author":[{"embeddable":true,"href":"https:\/\/asspb17.com\/index.php\/wp-json\/wp\/v2\/users\/1"}],"replies":[{"embeddable":true,"href":"https:\/\/asspb17.com\/index.php\/wp-json\/wp\/v2\/comments?post=659"}],"version-history":[{"count":9,"href":"https:\/\/asspb17.com\/index.php\/wp-json\/wp\/v2\/pages\/659\/revisions"}],"predecessor-version":[{"id":1164,"href":"https:\/\/asspb17.com\/index.php\/wp-json\/wp\/v2\/pages\/659\/revisions\/1164"}],"wp:attachment":[{"href":"https:\/\/asspb17.com\/index.php\/wp-json\/wp\/v2\/media?parent=659"}],"curies":[{"name":"wp","href":"https:\/\/api.w.org\/{rel}","templated":true}]}}